{"id":163777,"date":"2023-11-03T12:11:01","date_gmt":"2023-11-03T11:11:01","guid":{"rendered":"https:\/\/www.oliviacentre.com\/about-us\/"},"modified":"2023-11-17T13:38:16","modified_gmt":"2023-11-17T12:38:16","slug":"about-us","status":"publish","type":"page","link":"https:\/\/www.oliviacentre.com\/en\/investor-relations\/about-us\/","title":{"rendered":"About us"},"content":{"rendered":"<p style=\"text-align: justify;\">The core business of the Tonsa Group is the implementation of development investments consisting in the construction of office buildings, and then their management and reaping benefits from lease. In 2022, the Group also expanded its operations in the residential market. The Group&#8217;s main project is Olivia Centre &#8211; a complex of class A office buildings in Gda\u0144sk at Al. 472 Grunwaldzka Street. Olivia Centre in Gda\u0144sk is the largest office project in Poland. The investment is located in the city centre, on the main thoroughfare &#8211; Grunwaldzka Avenue, connecting the entire Tri-City. The Olivia Centre project is characterized by a diversified structure of over 100 tenants, including both Polish and international corporations as well as companies from the sector of small and medium-sized enterprises.<\/p>\n<p>&nbsp;<\/p>\n<p style=\"text-align: justify;\">The Group&#8217;s business model, in the case of office properties, is based on a build-to-own approach, thanks to which the Group accumulates the value of the facilities in the portfolio, which are developed by special purpose vehicles that are 100% owned by Tonsa Comercial REI NV (Bond Guarantor). At the same time, the Group benefits from an increase in the value of its assets. The Group allows for the possibility of selling all or several properties.<\/p>\n<p>&nbsp;<\/p>\n<p style=\"text-align: justify;\">In the case of residential or institutional rental (PRS) properties, the model assumes a sale to the target individual or institutional buyer while the property is still under construction or after the property has been commercialized.<\/p>\n<p>&nbsp;<\/p>\n<p style=\"text-align: justify;\">The issuer of the bonds is Olivia Fin sp\u00f3\u0142ka z ograniczon\u0105 odpowiedzialno\u015bci\u0105 sp\u00f3\u0142ka komandytowo-akcyjna sp\u00f3\u0142ka specjalna (special purpose vehicle), acting as a company acquiring, in the form of a bond issue, funds, primarily for the development of the Olivia Centre complex by the Guarantor Group. The main element of the Olivia Centre project is a complex of class A office buildings in Gda\u0144sk at Al. 472 Grunwaldzka Street. The funds raised by the Issuer are distributed mainly to special purpose vehicles from the Guarantor&#8217;s Group involved in the development of the Olivia Centre project.<\/p>\n<p>&nbsp;<\/p>\n<p style=\"text-align: justify;\">The Company was established and operates on the basis of the provisions of the Code of Commercial Companies and other provisions of law generally applicable in Poland, as well as the Articles of Association and other internal regulations. The Company, as the Issuer of bonds introduced to trading in the Alternative Trading System, also operates on the basis of the regulations governing the functioning of the capital market, including the MAR Regulation.<\/p>\n<p>&nbsp;<\/p>\n<h3 style=\"text-align: justify;\">Basic data about the Issuer:<\/h3>\n<p>&nbsp;<\/p>\n<table style=\"width: 91.8328%; height: 335px;\" width=\"614\">\n<tbody>\n<tr style=\"height: 95px;\">\n<td style=\"width: 48.9431%; height: 95px;\" width=\"307\"><strong>Name and legal form:<\/strong><\/td>\n<td style=\"width: 136.911%; height: 95px;\" width=\"307\">Olivia Fin limited liability company limited joint-stock partnership<\/p>\n<p>&nbsp;<\/td>\n<\/tr>\n<tr style=\"height: 24px;\">\n<td style=\"width: 48.9431%; height: 24px;\" width=\"307\"><strong>Registered office and address:<\/strong><\/td>\n<td style=\"width: 136.911%; height: 24px;\" width=\"307\">Al. Grunwaldzka 472C\/3. Floor, 80-309 Gdansk<\/p>\n<p>&nbsp;<\/td>\n<\/tr>\n<tr style=\"height: 24px;\">\n<td style=\"width: 48.9431%; height: 24px;\" width=\"307\"><strong>Telephone number:<\/strong><\/td>\n<td style=\"width: 136.911%; height: 24px;\" width=\"307\">+48 58 739 61 00<\/p>\n<p>&nbsp;<\/td>\n<\/tr>\n<tr style=\"height: 24px;\">\n<td style=\"width: 48.9431%; height: 24px;\" width=\"307\"><strong>Website:<\/strong><\/td>\n<td style=\"width: 136.911%; height: 24px;\" width=\"307\">www.oliviacentre.com<\/p>\n<p>&nbsp;<\/td>\n<\/tr>\n<tr style=\"height: 24px;\">\n<td style=\"width: 48.9431%; height: 24px;\" width=\"307\"><strong>E-mail address:<\/strong><\/td>\n<td style=\"width: 136.911%; height: 24px;\" width=\"307\">biuro@oliviacentre.com<\/p>\n<p>&nbsp;<\/td>\n<\/tr>\n<tr style=\"height: 72px;\">\n<td style=\"width: 48.9431%; height: 72px;\" width=\"307\"><strong>KRS:<\/strong><\/td>\n<td style=\"width: 136.911%; height: 72px;\" width=\"307\">0000473233, a company registered in the Register of Entrepreneurs of the National Court Register kept by the District Court Gda\u0144sk-P\u00f3\u0142noc in Gda\u0144sk, VII Commercial Division of the National Court Register<\/p>\n<p>&nbsp;<\/td>\n<\/tr>\n<tr style=\"height: 24px;\">\n<td style=\"width: 48.9431%; height: 24px;\" width=\"307\"><strong>REGON:<\/strong><\/td>\n<td style=\"width: 136.911%; height: 24px;\" width=\"307\">221940108<\/p>\n<p>&nbsp;<\/td>\n<\/tr>\n<tr style=\"height: 24px;\">\n<td style=\"width: 48.9431%; height: 24px;\" width=\"307\"><strong>TIN:<\/strong><\/td>\n<td style=\"width: 136.911%; height: 24px;\" width=\"307\">9571070234<\/p>\n<p>&nbsp;<\/td>\n<\/tr>\n<tr style=\"height: 24px;\">\n<td style=\"width: 48.9431%; height: 24px;\" width=\"307\"><strong>LEI Code:<\/strong><\/td>\n<td style=\"width: 136.911%; height: 24px;\" width=\"307\">259400WENW5S275QHM85<\/p>\n<p>&nbsp;<\/td>\n<\/tr>\n<\/tbody>\n<\/table>\n<p style=\"text-align: justify;\">\n","protected":false},"excerpt":{"rendered":"<p>The core business of the Tonsa Group is the implementation of development investments consisting in the construction of office buildings, and then their management and reaping benefits from lease. In 2022, the Group also expanded its operations in the residential market. The Group&#8217;s main project is Olivia Centre &#8211; a complex of class A office [&hellip;]<\/p>\n","protected":false},"author":1,"featured_media":0,"parent":163813,"menu_order":0,"comment_status":"closed","ping_status":"closed","template":"template-onas-relacje.php","meta":{"_acf_changed":false,"kk_blocks_editor_width":"","_kiokenblocks_attr":"","_kiokenblocks_dimensions":"","footnotes":"","_links_to":"","_links_to_target":""},"folder":[],"class_list":["post-163777","page","type-page","status-publish","hentry"],"acf":[],"yoast_head":"<!-- This site is optimized with the Yoast SEO plugin v27.4 - https:\/\/yoast.com\/product\/yoast-seo-wordpress\/ -->\n<title>About us - Olivia Centre<\/title>\n<meta name=\"robots\" content=\"index, follow, max-snippet:-1, max-image-preview:large, max-video-preview:-1\" \/>\n<link rel=\"canonical\" href=\"https:\/\/www.oliviacentre.com\/en\/investor-relations\/about-us\/\" \/>\n<meta property=\"og:locale\" content=\"en_US\" \/>\n<meta property=\"og:type\" content=\"article\" \/>\n<meta property=\"og:title\" content=\"About us - Olivia Centre\" \/>\n<meta property=\"og:description\" content=\"The core business of the Tonsa Group is the implementation of development investments consisting in the construction of office buildings, and then their management and reaping benefits from lease. In 2022, the Group also expanded its operations in the residential market. The Group&#8217;s main project is Olivia Centre &#8211; a complex of class A office [&hellip;]\" \/>\n<meta property=\"og:url\" content=\"https:\/\/www.oliviacentre.com\/en\/investor-relations\/about-us\/\" \/>\n<meta property=\"og:site_name\" content=\"Olivia Centre\" \/>\n<meta property=\"article:publisher\" content=\"https:\/\/www.facebook.com\/oliviabusinesscentre\/\" \/>\n<meta property=\"article:modified_time\" content=\"2023-11-17T12:38:16+00:00\" \/>\n<meta property=\"og:image\" content=\"https:\/\/www.oliviacentre.com\/wp-content\/uploads\/2022\/05\/op.jpg\" \/>\n\t<meta property=\"og:image:width\" content=\"1200\" \/>\n\t<meta property=\"og:image:height\" content=\"630\" \/>\n\t<meta property=\"og:image:type\" content=\"image\/jpeg\" \/>\n<meta name=\"twitter:card\" content=\"summary_large_image\" \/>\n<meta name=\"twitter:site\" content=\"@oliviabusiness\" \/>\n<meta name=\"twitter:label1\" content=\"Est. reading time\" \/>\n\t<meta name=\"twitter:data1\" content=\"2 minutes\" \/>\n<script type=\"application\/ld+json\" class=\"yoast-schema-graph\">{\"@context\":\"https:\\\/\\\/schema.org\",\"@graph\":[{\"@type\":\"WebPage\",\"@id\":\"https:\\\/\\\/www.oliviacentre.com\\\/en\\\/investor-relations\\\/about-us\\\/\",\"url\":\"https:\\\/\\\/www.oliviacentre.com\\\/en\\\/investor-relations\\\/about-us\\\/\",\"name\":\"About us - Olivia Centre\",\"isPartOf\":{\"@id\":\"https:\\\/\\\/www.oliviacentre.com\\\/#website\"},\"datePublished\":\"2023-11-03T11:11:01+00:00\",\"dateModified\":\"2023-11-17T12:38:16+00:00\",\"breadcrumb\":{\"@id\":\"https:\\\/\\\/www.oliviacentre.com\\\/en\\\/investor-relations\\\/about-us\\\/#breadcrumb\"},\"inLanguage\":\"en-US\",\"potentialAction\":[{\"@type\":\"ReadAction\",\"target\":[\"https:\\\/\\\/www.oliviacentre.com\\\/en\\\/investor-relations\\\/about-us\\\/\"]}]},{\"@type\":\"BreadcrumbList\",\"@id\":\"https:\\\/\\\/www.oliviacentre.com\\\/en\\\/investor-relations\\\/about-us\\\/#breadcrumb\",\"itemListElement\":[{\"@type\":\"ListItem\",\"position\":1,\"name\":\"Strona g\u0142\u00f3wna\",\"item\":\"https:\\\/\\\/www.oliviacentre.com\\\/en\\\/\"},{\"@type\":\"ListItem\",\"position\":2,\"name\":\"Investor relations\",\"item\":\"https:\\\/\\\/www.oliviacentre.com\\\/en\\\/investor-relations\\\/\"},{\"@type\":\"ListItem\",\"position\":3,\"name\":\"About us\"}]},{\"@type\":\"WebSite\",\"@id\":\"https:\\\/\\\/www.oliviacentre.com\\\/#website\",\"url\":\"https:\\\/\\\/www.oliviacentre.com\\\/\",\"name\":\"Olivia Centre\",\"description\":\"wi\u0119cej ni\u017c biznes\",\"potentialAction\":[{\"@type\":\"SearchAction\",\"target\":{\"@type\":\"EntryPoint\",\"urlTemplate\":\"https:\\\/\\\/www.oliviacentre.com\\\/?s={search_term_string}\"},\"query-input\":{\"@type\":\"PropertyValueSpecification\",\"valueRequired\":true,\"valueName\":\"search_term_string\"}}],\"inLanguage\":\"en-US\"}]}<\/script>\n<!-- \/ Yoast SEO plugin. -->","yoast_head_json":{"title":"About us - Olivia Centre","robots":{"index":"index","follow":"follow","max-snippet":"max-snippet:-1","max-image-preview":"max-image-preview:large","max-video-preview":"max-video-preview:-1"},"canonical":"https:\/\/www.oliviacentre.com\/en\/investor-relations\/about-us\/","og_locale":"en_US","og_type":"article","og_title":"About us - Olivia Centre","og_description":"The core business of the Tonsa Group is the implementation of development investments consisting in the construction of office buildings, and then their management and reaping benefits from lease. In 2022, the Group also expanded its operations in the residential market. The Group&#8217;s main project is Olivia Centre &#8211; a complex of class A office [&hellip;]","og_url":"https:\/\/www.oliviacentre.com\/en\/investor-relations\/about-us\/","og_site_name":"Olivia Centre","article_publisher":"https:\/\/www.facebook.com\/oliviabusinesscentre\/","article_modified_time":"2023-11-17T12:38:16+00:00","og_image":[{"width":1200,"height":630,"url":"https:\/\/www.oliviacentre.com\/wp-content\/uploads\/2022\/05\/op.jpg","type":"image\/jpeg"}],"twitter_card":"summary_large_image","twitter_site":"@oliviabusiness","twitter_misc":{"Est. reading time":"2 minutes"},"schema":{"@context":"https:\/\/schema.org","@graph":[{"@type":"WebPage","@id":"https:\/\/www.oliviacentre.com\/en\/investor-relations\/about-us\/","url":"https:\/\/www.oliviacentre.com\/en\/investor-relations\/about-us\/","name":"About us - Olivia Centre","isPartOf":{"@id":"https:\/\/www.oliviacentre.com\/#website"},"datePublished":"2023-11-03T11:11:01+00:00","dateModified":"2023-11-17T12:38:16+00:00","breadcrumb":{"@id":"https:\/\/www.oliviacentre.com\/en\/investor-relations\/about-us\/#breadcrumb"},"inLanguage":"en-US","potentialAction":[{"@type":"ReadAction","target":["https:\/\/www.oliviacentre.com\/en\/investor-relations\/about-us\/"]}]},{"@type":"BreadcrumbList","@id":"https:\/\/www.oliviacentre.com\/en\/investor-relations\/about-us\/#breadcrumb","itemListElement":[{"@type":"ListItem","position":1,"name":"Strona g\u0142\u00f3wna","item":"https:\/\/www.oliviacentre.com\/en\/"},{"@type":"ListItem","position":2,"name":"Investor relations","item":"https:\/\/www.oliviacentre.com\/en\/investor-relations\/"},{"@type":"ListItem","position":3,"name":"About us"}]},{"@type":"WebSite","@id":"https:\/\/www.oliviacentre.com\/#website","url":"https:\/\/www.oliviacentre.com\/","name":"Olivia Centre","description":"wi\u0119cej ni\u017c biznes","potentialAction":[{"@type":"SearchAction","target":{"@type":"EntryPoint","urlTemplate":"https:\/\/www.oliviacentre.com\/?s={search_term_string}"},"query-input":{"@type":"PropertyValueSpecification","valueRequired":true,"valueName":"search_term_string"}}],"inLanguage":"en-US"}]}},"_links":{"self":[{"href":"https:\/\/www.oliviacentre.com\/en\/wp-json\/wp\/v2\/pages\/163777","targetHints":{"allow":["GET"]}}],"collection":[{"href":"https:\/\/www.oliviacentre.com\/en\/wp-json\/wp\/v2\/pages"}],"about":[{"href":"https:\/\/www.oliviacentre.com\/en\/wp-json\/wp\/v2\/types\/page"}],"author":[{"embeddable":true,"href":"https:\/\/www.oliviacentre.com\/en\/wp-json\/wp\/v2\/users\/1"}],"replies":[{"embeddable":true,"href":"https:\/\/www.oliviacentre.com\/en\/wp-json\/wp\/v2\/comments?post=163777"}],"version-history":[{"count":4,"href":"https:\/\/www.oliviacentre.com\/en\/wp-json\/wp\/v2\/pages\/163777\/revisions"}],"predecessor-version":[{"id":168443,"href":"https:\/\/www.oliviacentre.com\/en\/wp-json\/wp\/v2\/pages\/163777\/revisions\/168443"}],"up":[{"embeddable":true,"href":"https:\/\/www.oliviacentre.com\/en\/wp-json\/wp\/v2\/pages\/163813"}],"wp:attachment":[{"href":"https:\/\/www.oliviacentre.com\/en\/wp-json\/wp\/v2\/media?parent=163777"}],"wp:term":[{"taxonomy":"folder","embeddable":true,"href":"https:\/\/www.oliviacentre.com\/en\/wp-json\/wp\/v2\/folder?post=163777"}],"curies":[{"name":"wp","href":"https:\/\/api.w.org\/{rel}","templated":true}]}}